{"id":6934,"date":"2023-05-16T08:09:09","date_gmt":"2023-05-16T08:09:09","guid":{"rendered":"https:\/\/fanturk.com.tr\/ueber-uns\/"},"modified":"2025-04-11T14:25:19","modified_gmt":"2025-04-11T14:25:19","slug":"ueber-uns","status":"publish","type":"page","link":"https:\/\/fanturk.com.tr\/de\/ueber-uns\/","title":{"rendered":"\u00dcber uns"},"content":{"rendered":"\t\t<div data-elementor-type=\"wp-page\" data-elementor-id=\"6934\" class=\"elementor elementor-6934 elementor-208\" data-elementor-post-type=\"page\">\n\t\t\t\t\t\t<section class=\"elementor-section elementor-top-section elementor-element elementor-element-5479f9b elementor-section-stretched elementor-section-boxed elementor-section-height-default elementor-section-height-default\" data-id=\"5479f9b\" data-element_type=\"section\" data-e-type=\"section\" data-settings=\"{&quot;stretch_section&quot;:&quot;section-stretched&quot;,&quot;background_background&quot;:&quot;classic&quot;,&quot;jet_parallax_layout_list&quot;:[]}\">\n\t\t\t\t\t\t<div class=\"elementor-container elementor-column-gap-default\">\n\t\t\t\t\t<div class=\"elementor-column elementor-col-100 elementor-top-column elementor-element elementor-element-4653b43\" data-id=\"4653b43\" data-element_type=\"column\" data-e-type=\"column\">\n\t\t\t<div class=\"elementor-widget-wrap elementor-element-populated\">\n\t\t\t\t\t\t<div class=\"elementor-element elementor-element-a701816 elementor-widget elementor-widget-heading\" data-id=\"a701816\" data-element_type=\"widget\" data-e-type=\"widget\" data-widget_type=\"heading.default\">\n\t\t\t\t<div class=\"elementor-widget-container\">\n\t\t\t\t\t<h2 class=\"elementor-heading-title elementor-size-default\">\u00dcber uns<\/h2>\t\t\t\t<\/div>\n\t\t\t\t<\/div>\n\t\t\t\t<div class=\"elementor-element elementor-element-94600e8 elementor-widget-divider--view-line elementor-widget elementor-widget-divider\" data-id=\"94600e8\" data-element_type=\"widget\" data-e-type=\"widget\" data-widget_type=\"divider.default\">\n\t\t\t\t<div class=\"elementor-widget-container\">\n\t\t\t\t\t\t\t<div class=\"elementor-divider\">\n\t\t\t<span class=\"elementor-divider-separator\">\n\t\t\t\t\t\t<\/span>\n\t\t<\/div>\n\t\t\t\t\t\t<\/div>\n\t\t\t\t<\/div>\n\t\t\t\t<div class=\"elementor-element elementor-element-2375604 elementor-widget-divider--view-line elementor-widget elementor-widget-divider\" data-id=\"2375604\" data-element_type=\"widget\" data-e-type=\"widget\" data-widget_type=\"divider.default\">\n\t\t\t\t<div class=\"elementor-widget-container\">\n\t\t\t\t\t\t\t<div class=\"elementor-divider\">\n\t\t\t<span class=\"elementor-divider-separator\">\n\t\t\t\t\t\t<\/span>\n\t\t<\/div>\n\t\t\t\t\t\t<\/div>\n\t\t\t\t<\/div>\n\t\t\t\t\t<\/div>\n\t\t<\/div>\n\t\t\t\t\t<\/div>\n\t\t<\/section>\n\t\t\t\t<section class=\"elementor-section elementor-top-section elementor-element elementor-element-afca147 elementor-section-stretched elementor-section-boxed elementor-section-height-default elementor-section-height-default\" data-id=\"afca147\" data-element_type=\"section\" data-e-type=\"section\" data-settings=\"{&quot;stretch_section&quot;:&quot;section-stretched&quot;,&quot;jet_parallax_layout_list&quot;:[]}\">\n\t\t\t\t\t\t<div class=\"elementor-container elementor-column-gap-default\">\n\t\t\t\t\t<div class=\"elementor-column elementor-col-50 elementor-top-column elementor-element elementor-element-1d0457b\" data-id=\"1d0457b\" data-element_type=\"column\" data-e-type=\"column\">\n\t\t\t<div class=\"elementor-widget-wrap elementor-element-populated\">\n\t\t\t\t\t\t<div class=\"elementor-element elementor-element-e0ac948 elementor-widget__width-initial elementor-widget elementor-widget-image\" data-id=\"e0ac948\" data-element_type=\"widget\" data-e-type=\"widget\" data-widget_type=\"image.default\">\n\t\t\t\t<div class=\"elementor-widget-container\">\n\t\t\t\t\t\t\t\t\t\t\t\t\t\t\t<img fetchpriority=\"high\" decoding=\"async\" width=\"440\" height=\"320\" src=\"https:\/\/fanturk.com.tr\/wp-content\/uploads\/2023\/05\/hakkimizda.jpg\" class=\"attachment-full size-full wp-image-4267\" alt=\"\" srcset=\"https:\/\/fanturk.com.tr\/wp-content\/uploads\/2023\/05\/hakkimizda.jpg 440w, https:\/\/fanturk.com.tr\/wp-content\/uploads\/2023\/05\/hakkimizda-300x218.jpg 300w\" sizes=\"(max-width: 440px) 100vw, 440px\" \/>\t\t\t\t\t\t\t\t\t\t\t\t\t\t\t<\/div>\n\t\t\t\t<\/div>\n\t\t\t\t\t<\/div>\n\t\t<\/div>\n\t\t\t\t<div class=\"elementor-column elementor-col-50 elementor-top-column elementor-element elementor-element-310637e\" data-id=\"310637e\" data-element_type=\"column\" data-e-type=\"column\">\n\t\t\t<div class=\"elementor-widget-wrap elementor-element-populated\">\n\t\t\t\t\t\t<div class=\"elementor-element elementor-element-6a39d99 elementor-widget elementor-widget-heading\" data-id=\"6a39d99\" data-element_type=\"widget\" data-e-type=\"widget\" data-widget_type=\"heading.default\">\n\t\t\t\t<div class=\"elementor-widget-container\">\n\t\t\t\t\t<h2 class=\"elementor-heading-title elementor-size-default\"> Wir gehen sensibel mit den Erwartungen um, sind von hoher Qualit\u00e4t und respektieren die Gesch\u00e4ftsethik und die ethischen Werte.<\/h2>\t\t\t\t<\/div>\n\t\t\t\t<\/div>\n\t\t\t\t<div class=\"elementor-element elementor-element-279b6dc elementor-widget-divider--view-line elementor-widget elementor-widget-divider\" data-id=\"279b6dc\" data-element_type=\"widget\" data-e-type=\"widget\" data-widget_type=\"divider.default\">\n\t\t\t\t<div class=\"elementor-widget-container\">\n\t\t\t\t\t\t\t<div class=\"elementor-divider\">\n\t\t\t<span class=\"elementor-divider-separator\">\n\t\t\t\t\t\t<\/span>\n\t\t<\/div>\n\t\t\t\t\t\t<\/div>\n\t\t\t\t<\/div>\n\t\t\t\t<div class=\"elementor-element elementor-element-c9db827 elementor-widget-divider--view-line elementor-widget elementor-widget-divider\" data-id=\"c9db827\" data-element_type=\"widget\" data-e-type=\"widget\" data-widget_type=\"divider.default\">\n\t\t\t\t<div class=\"elementor-widget-container\">\n\t\t\t\t\t\t\t<div class=\"elementor-divider\">\n\t\t\t<span class=\"elementor-divider-separator\">\n\t\t\t\t\t\t<\/span>\n\t\t<\/div>\n\t\t\t\t\t\t<\/div>\n\t\t\t\t<\/div>\n\t\t\t\t<div class=\"elementor-element elementor-element-e44e7d8 elementor-widget elementor-widget-text-editor\" data-id=\"e44e7d8\" data-element_type=\"widget\" data-e-type=\"widget\" data-widget_type=\"text-editor.default\">\n\t\t\t\t<div class=\"elementor-widget-container\">\n\t\t\t\t\t\t\t\t\t<p>Unser Unternehmen ist seit 2002 in Bursa unter dem Markennamen Fant\u00fcrk t\u00e4tig. Auf einer Fl\u00e4che von 20000 m\u00b2 spricht es den Sektor mit der Produktion von Klimager\u00e4ten, Software f\u00fcr Automatisierungssysteme und MCC-DDC-Schalttafelherstellung mit unseren Ingenieuren und Arbeitern an, die in ihren Branchen spezialisiert sind. <\/p><p>Unser Unternehmen, das aufgrund seiner Erfahrung die Erwartungen der Kunden ber\u00fccksichtigt, der Qualit\u00e4t Vorrang einr\u00e4umt, die Gesch\u00e4ftsethik und die ethischen \u00dcberzeugungen respektiert, hat eine Vision, die auf Entwicklung und Wachstum ausgerichtet ist.<\/p><p>Fant\u00fcrk, das gro\u00dfen Wert auf F&amp;E-Studien legt, strebt eine Steigerung der Produktions- und Dienstleistungsqualit\u00e4t auf der Grundlage internationaler Standards an.<\/p>\t\t\t\t\t\t\t\t<\/div>\n\t\t\t\t<\/div>\n\t\t\t\t\t<\/div>\n\t\t<\/div>\n\t\t\t\t\t<\/div>\n\t\t<\/section>\n\t\t\t\t<section class=\"elementor-section elementor-top-section elementor-element elementor-element-d8d19ef elementor-section-boxed elementor-section-height-default elementor-section-height-default\" data-id=\"d8d19ef\" data-element_type=\"section\" data-e-type=\"section\" data-settings=\"{&quot;jet_parallax_layout_list&quot;:[]}\">\n\t\t\t\t\t\t<div class=\"elementor-container elementor-column-gap-default\">\n\t\t\t\t\t<div class=\"elementor-column elementor-col-100 elementor-top-column elementor-element elementor-element-f368de2\" data-id=\"f368de2\" data-element_type=\"column\" data-e-type=\"column\">\n\t\t\t<div class=\"elementor-widget-wrap elementor-element-populated\">\n\t\t\t\t\t\t<div class=\"elementor-element elementor-element-9d367cf elementor-tabs-alignment-center elementor-tabs-view-horizontal elementor-widget elementor-widget-tabs\" data-id=\"9d367cf\" data-element_type=\"widget\" data-e-type=\"widget\" data-widget_type=\"tabs.default\">\n\t\t\t\t<div class=\"elementor-widget-container\">\n\t\t\t\t\t\t\t<div class=\"elementor-tabs\">\n\t\t\t<div class=\"elementor-tabs-wrapper\" role=\"tablist\" >\n\t\t\t\t\t\t\t\t\t<div id=\"elementor-tab-title-1641\" class=\"elementor-tab-title elementor-tab-desktop-title\" aria-selected=\"true\" data-tab=\"1\" role=\"tab\" tabindex=\"0\" aria-controls=\"elementor-tab-content-1641\" aria-expanded=\"false\">Vision<\/div>\n\t\t\t\t\t\t\t\t\t<div id=\"elementor-tab-title-1642\" class=\"elementor-tab-title elementor-tab-desktop-title\" aria-selected=\"false\" data-tab=\"2\" role=\"tab\" tabindex=\"-1\" aria-controls=\"elementor-tab-content-1642\" aria-expanded=\"false\">Mission<\/div>\n\t\t\t\t\t\t\t\t\t<div id=\"elementor-tab-title-1643\" class=\"elementor-tab-title elementor-tab-desktop-title\" aria-selected=\"false\" data-tab=\"3\" role=\"tab\" tabindex=\"-1\" aria-controls=\"elementor-tab-content-1643\" aria-expanded=\"false\">Unsere Werte<\/div>\n\t\t\t\t\t\t\t<\/div>\n\t\t\t<div class=\"elementor-tabs-content-wrapper\" role=\"tablist\" aria-orientation=\"vertical\">\n\t\t\t\t\t\t\t\t\t<div class=\"elementor-tab-title elementor-tab-mobile-title\" aria-selected=\"true\" data-tab=\"1\" role=\"tab\" tabindex=\"0\" aria-controls=\"elementor-tab-content-1641\" aria-expanded=\"false\">Vision<\/div>\n\t\t\t\t\t<div id=\"elementor-tab-content-1641\" class=\"elementor-tab-content elementor-clearfix\" data-tab=\"1\" role=\"tabpanel\" aria-labelledby=\"elementor-tab-title-1641\" tabindex=\"0\" hidden=\"false\"><div>\n<table>\n<tr>\n<th style=\"padding: 3rem;\">\n                <strong><span style=\"color: #00a0df; font-size: 1.5rem;\">Vision<\/span><\/strong>               <\/p>\n<p style=\"font-size: 1rem;\"> Unser Unternehmen, das der Qualit\u00e4t den Vorrang einr\u00e4umt und die Achtung der Gesch\u00e4ftsethik und der ethischen \u00dcberzeugungen zu seinem Grundprinzip macht<br \/>\nhat eine Vision, die auf Entwicklung und Wachstum ausgerichtet ist.<\/p>\n<\/th>\n<th>\n                <img decoding=\"async\" class=\"size-medium wp-image-240 alignright\" src=\"https:\/\/hesageridonusum.com\/wp-content\/uploads\/2023\/05\/04-300x200.jpg\" alt=\"\" width=\"700\" height=\"700\">\n            <\/th>\n<\/tr>\n<\/table>\n<\/div>\n<\/div>\n\t\t\t\t\t\t\t\t\t<div class=\"elementor-tab-title elementor-tab-mobile-title\" aria-selected=\"false\" data-tab=\"2\" role=\"tab\" tabindex=\"-1\" aria-controls=\"elementor-tab-content-1642\" aria-expanded=\"false\">Mission<\/div>\n\t\t\t\t\t<div id=\"elementor-tab-content-1642\" class=\"elementor-tab-content elementor-clearfix\" data-tab=\"2\" role=\"tabpanel\" aria-labelledby=\"elementor-tab-title-1642\" tabindex=\"0\" hidden=\"hidden\"><div>\n<table>\n<tr>\n<th style=\"padding: 3rem;\">\n                <strong><span style=\"color: #00a0df; font-size: 1.5rem;\">Mission<\/span><\/strong>               <\/p>\n<p style=\"font-size: 1rem;\"> Unser Ziel ist es, ein weltweit f\u00fchrendes Unternehmen zu sein, das Technologien herstellt, die der Menschheit Leben einhauchen, und das sich bem\u00fcht, innovative Technologien zum Nutzen der Menschheit anzubieten.<\/p>\n<\/th>\n<th>\n                <img decoding=\"async\" class=\"size-medium wp-image-240 alignright\" src=\"https:\/\/hesageridonusum.com\/wp-content\/uploads\/2023\/05\/04-300x200.jpg\" alt=\"\" width=\"700\" height=\"700\">\n            <\/th>\n<\/tr>\n<\/table>\n<\/div>\n<\/div>\n\t\t\t\t\t\t\t\t\t<div class=\"elementor-tab-title elementor-tab-mobile-title\" aria-selected=\"false\" data-tab=\"3\" role=\"tab\" tabindex=\"-1\" aria-controls=\"elementor-tab-content-1643\" aria-expanded=\"false\">Unsere Werte<\/div>\n\t\t\t\t\t<div id=\"elementor-tab-content-1643\" class=\"elementor-tab-content elementor-clearfix\" data-tab=\"3\" role=\"tabpanel\" aria-labelledby=\"elementor-tab-title-1643\" tabindex=\"0\" hidden=\"hidden\"><div>\n<table>\n<tr>\n<th style=\"padding: 3rem;\">\n                <strong><span style=\"color: #00a0df; font-size: 1.5rem;\">Unsere Werte<\/span><\/strong>               <\/p>\n<p style=\"font-size: 1rem;\"> Gerechtigkeit, Menschenfreundlichkeit, Nachhaltigkeit, Innovation, Umweltbewusstsein&#8230;.<\/p>\n<\/th>\n<th>\n                <img decoding=\"async\" class=\"alignnone size-medium wp-image-239\" src=\"https:\/\/hesageridonusum.com\/wp-content\/uploads\/2023\/05\/05-300x200.jpg\" alt=\"\" width=\"300\" height=\"200\" srcset=\"https:\/\/fanturk.com.tr\/wp-content\/uploads\/2023\/05\/05-300x200.jpg 300w, https:\/\/fanturk.com.tr\/wp-content\/uploads\/2023\/05\/05.jpg 600w\" sizes=\"(max-width: 300px) 100vw, 300px\" \/>\n            <\/th>\n<\/tr>\n<\/table>\n<\/div>\n<\/div>\n\t\t\t\t\t\t\t<\/div>\n\t\t<\/div>\n\t\t\t\t\t\t<\/div>\n\t\t\t\t<\/div>\n\t\t\t\t\t<\/div>\n\t\t<\/div>\n\t\t\t\t\t<\/div>\n\t\t<\/section>\n\t\t\t\t<section class=\"elementor-section elementor-top-section elementor-element elementor-element-798e4b7 elementor-section-boxed elementor-section-height-default elementor-section-height-default\" data-id=\"798e4b7\" data-element_type=\"section\" data-e-type=\"section\" data-settings=\"{&quot;background_background&quot;:&quot;classic&quot;,&quot;jet_parallax_layout_list&quot;:[]}\">\n\t\t\t\t\t\t<div class=\"elementor-container elementor-column-gap-default\">\n\t\t\t\t\t<div class=\"elementor-column elementor-col-33 elementor-top-column elementor-element elementor-element-44951a6\" data-id=\"44951a6\" data-element_type=\"column\" data-e-type=\"column\">\n\t\t\t<div class=\"elementor-widget-wrap elementor-element-populated\">\n\t\t\t\t\t\t<div class=\"elementor-element elementor-element-a89a637 elementor-view-stacked elementor-shape-square elementor-position-block-start elementor-mobile-position-block-start elementor-widget elementor-widget-icon-box\" data-id=\"a89a637\" data-element_type=\"widget\" data-e-type=\"widget\" data-widget_type=\"icon-box.default\">\n\t\t\t\t<div class=\"elementor-widget-container\">\n\t\t\t\t\t\t\t<div class=\"elementor-icon-box-wrapper\">\n\n\t\t\t\t\t\t<div class=\"elementor-icon-box-icon\">\n\t\t\t\t<span  class=\"elementor-icon\">\n\t\t\t\t<i aria-hidden=\"true\" class=\"fas fa-location-arrow\"><\/i>\t\t\t\t<\/span>\n\t\t\t<\/div>\n\t\t\t\n\t\t\t\t\t\t<div class=\"elementor-icon-box-content\">\n\n\t\t\t\t\t\t\t\t\t<h3 class=\"elementor-icon-box-title\">\n\t\t\t\t\t\t<span  >\n\t\t\t\t\t\t\tAdresse:\t\t\t\t\t\t<\/span>\n\t\t\t\t\t<\/h3>\n\t\t\t\t\n\t\t\t\t\t\t\t\t\t<p class=\"elementor-icon-box-description\">\n\t\t\t\t\t\tPamucak OSB Mahallesi 2. Cadde No :14 Pazaryeri \/ B\u0130LEC\u0130K \t\t\t\t\t<\/p>\n\t\t\t\t\n\t\t\t<\/div>\n\t\t\t\n\t\t<\/div>\n\t\t\t\t\t\t<\/div>\n\t\t\t\t<\/div>\n\t\t\t\t\t<\/div>\n\t\t<\/div>\n\t\t\t\t<div class=\"elementor-column elementor-col-33 elementor-top-column elementor-element elementor-element-36b8906\" data-id=\"36b8906\" data-element_type=\"column\" data-e-type=\"column\">\n\t\t\t<div class=\"elementor-widget-wrap elementor-element-populated\">\n\t\t\t\t\t\t<div class=\"elementor-element elementor-element-c8793a4 elementor-view-stacked elementor-shape-square elementor-position-block-start elementor-mobile-position-block-start elementor-widget elementor-widget-icon-box\" data-id=\"c8793a4\" data-element_type=\"widget\" data-e-type=\"widget\" data-widget_type=\"icon-box.default\">\n\t\t\t\t<div class=\"elementor-widget-container\">\n\t\t\t\t\t\t\t<div class=\"elementor-icon-box-wrapper\">\n\n\t\t\t\t\t\t<div class=\"elementor-icon-box-icon\">\n\t\t\t\t<span  class=\"elementor-icon\">\n\t\t\t\t<i aria-hidden=\"true\" class=\"fas fa-phone-alt\"><\/i>\t\t\t\t<\/span>\n\t\t\t<\/div>\n\t\t\t\n\t\t\t\t\t\t<div class=\"elementor-icon-box-content\">\n\n\t\t\t\t\t\t\t\t\t<h3 class=\"elementor-icon-box-title\">\n\t\t\t\t\t\t<span  >\n\t\t\t\t\t\t\tTelefon:\t\t\t\t\t\t<\/span>\n\t\t\t\t\t<\/h3>\n\t\t\t\t\n\t\t\t\t\t\t\t\t\t<p class=\"elementor-icon-box-description\">\n\t\t\t\t\t\t+90 (224) 482 29 69\t\t\t\t\t<\/p>\n\t\t\t\t\n\t\t\t<\/div>\n\t\t\t\n\t\t<\/div>\n\t\t\t\t\t\t<\/div>\n\t\t\t\t<\/div>\n\t\t\t\t\t<\/div>\n\t\t<\/div>\n\t\t\t\t<div class=\"elementor-column elementor-col-33 elementor-top-column elementor-element elementor-element-10849f2\" data-id=\"10849f2\" data-element_type=\"column\" data-e-type=\"column\">\n\t\t\t<div class=\"elementor-widget-wrap elementor-element-populated\">\n\t\t\t\t\t\t<div class=\"elementor-element elementor-element-28de903 elementor-view-stacked elementor-shape-square elementor-position-block-start elementor-mobile-position-block-start elementor-widget elementor-widget-icon-box\" data-id=\"28de903\" data-element_type=\"widget\" data-e-type=\"widget\" data-widget_type=\"icon-box.default\">\n\t\t\t\t<div class=\"elementor-widget-container\">\n\t\t\t\t\t\t\t<div class=\"elementor-icon-box-wrapper\">\n\n\t\t\t\t\t\t<div class=\"elementor-icon-box-icon\">\n\t\t\t\t<span  class=\"elementor-icon\">\n\t\t\t\t<i aria-hidden=\"true\" class=\"fas fa-at\"><\/i>\t\t\t\t<\/span>\n\t\t\t<\/div>\n\t\t\t\n\t\t\t\t\t\t<div class=\"elementor-icon-box-content\">\n\n\t\t\t\t\t\t\t\t\t<h3 class=\"elementor-icon-box-title\">\n\t\t\t\t\t\t<span  >\n\t\t\t\t\t\t\tE-mail:\t\t\t\t\t\t<\/span>\n\t\t\t\t\t<\/h3>\n\t\t\t\t\n\t\t\t\t\t\t\t\t\t<p class=\"elementor-icon-box-description\">\n\t\t\t\t\t\tinfo@fanturk.com.tr\t\t\t\t\t<\/p>\n\t\t\t\t\n\t\t\t<\/div>\n\t\t\t\n\t\t<\/div>\n\t\t\t\t\t\t<\/div>\n\t\t\t\t<\/div>\n\t\t\t\t\t<\/div>\n\t\t<\/div>\n\t\t\t\t\t<\/div>\n\t\t<\/section>\n\t\t\t\t<\/div>\n\t\t","protected":false},"excerpt":{"rendered":"<p>\u00dcber uns Wir gehen sensibel mit den Erwartungen um, sind von hoher Qualit\u00e4t und respektieren die Gesch\u00e4ftsethik und die ethischen Werte. Unser Unternehmen ist seit 2002 in Bursa unter dem Markennamen Fant\u00fcrk t\u00e4tig. Auf einer Fl\u00e4che von 20000 m\u00b2 spricht es den Sektor mit der Produktion von Klimager\u00e4ten, Software f\u00fcr Automatisierungssysteme und MCC-DDC-Schalttafelherstellung mit unseren [&hellip;]<\/p>\n","protected":false},"author":2,"featured_media":0,"parent":0,"menu_order":0,"comment_status":"closed","ping_status":"closed","template":"elementor_header_footer","meta":{"footnotes":""},"class_list":["post-6934","page","type-page","status-publish","hentry"],"_links":{"self":[{"href":"https:\/\/fanturk.com.tr\/de\/wp-json\/wp\/v2\/pages\/6934","targetHints":{"allow":["GET"]}}],"collection":[{"href":"https:\/\/fanturk.com.tr\/de\/wp-json\/wp\/v2\/pages"}],"about":[{"href":"https:\/\/fanturk.com.tr\/de\/wp-json\/wp\/v2\/types\/page"}],"author":[{"embeddable":true,"href":"https:\/\/fanturk.com.tr\/de\/wp-json\/wp\/v2\/users\/2"}],"replies":[{"embeddable":true,"href":"https:\/\/fanturk.com.tr\/de\/wp-json\/wp\/v2\/comments?post=6934"}],"version-history":[{"count":0,"href":"https:\/\/fanturk.com.tr\/de\/wp-json\/wp\/v2\/pages\/6934\/revisions"}],"wp:attachment":[{"href":"https:\/\/fanturk.com.tr\/de\/wp-json\/wp\/v2\/media?parent=6934"}],"curies":[{"name":"wp","href":"https:\/\/api.w.org\/{rel}","templated":true}]}}